{"id":233,"date":"2023-12-04T16:56:21","date_gmt":"2023-12-04T16:56:21","guid":{"rendered":"https:\/\/themanifestplannerco.com\/?post_type=product&#038;p=233"},"modified":"2025-11-15T05:07:56","modified_gmt":"2025-11-15T05:07:56","slug":"agenda-planner-2025","status":"publish","type":"product","link":"https:\/\/themanifestplannerco.com\/index.php\/product\/agenda-planner-2025\/","title":{"rendered":"Agenda Planner 2025"},"content":{"rendered":"<h1 class=\"elementor-heading-title elementor-size-default\" style=\"text-align: center;\">Agenda Planner 2024<\/h1>\n<p>&nbsp;<\/p>\n<section class=\"elementor-section elementor-top-section elementor-element elementor-element-636d788c elementor-section-content-middle elementor-section-boxed elementor-section-height-default elementor-section-height-default\" data-id=\"636d788c\" data-element_type=\"section\">\n<div class=\"elementor-container elementor-column-gap-default\">\n<div class=\"elementor-column elementor-col-100 elementor-top-column elementor-element elementor-element-18d62a34\" data-id=\"18d62a34\" data-element_type=\"column\">\n<div class=\"elementor-widget-wrap elementor-element-populated\">\n<section class=\"elementor-section elementor-inner-section elementor-element elementor-element-7e57a40e elementor-section-boxed elementor-section-height-default elementor-section-height-default\" data-id=\"7e57a40e\" data-element_type=\"section\">\n<div class=\"elementor-container elementor-column-gap-default\">\n<div class=\"elementor-column elementor-col-100 elementor-inner-column elementor-element elementor-element-1fa64eef\" data-id=\"1fa64eef\" data-element_type=\"column\">\n<div class=\"elementor-widget-wrap elementor-element-populated\">\n<div class=\"elementor-element elementor-element-80fa900 elementor-widget elementor-widget-text-editor\" data-id=\"80fa900\" data-element_type=\"widget\" data-widget_type=\"text-editor.default\">\n<div class=\"elementor-widget-container\">\n<p>Dans un monde dans lequel l\u2019on recherche chaque ann\u00e9e un nouvel\u00a0<strong>agenda<\/strong><strong>\u00a0\u00e0 imprimer<\/strong>\u00a0ou un\u00a0<strong>calendrier mensuel \u00e0 t\u00e9l\u00e9charger<\/strong>,\u00a0l\u2019importance d\u2019une planification num\u00e9rique efficace n\u2019a jamais \u00e9t\u00e9 aussi cruciale. Pourquoi se contenter d\u2019un\u00a0<strong>agenda traditionnel<\/strong>\u00a0ou d\u2019un\u00a0<strong>calendrier en ligne \u00e0 remplir<\/strong>\u00a0quand l\u2019agenda planner, parfaitement adapt\u00e9 \u00e0 votre iPad ou tablette Android, peut transformer vos ambitions en actions concr\u00e8tes ?<\/p>\n<p>Ce nouvel Agenda Planner transcende l\u2019id\u00e9e d\u2019un simple\u00a0<strong>agenda num\u00e9rique<\/strong>\u00a0ou d\u2019un\u00a0<strong>planner \u00e0 imprimer<\/strong>. C\u2019est le pont entre vos aspirations actuelles et vos succ\u00e8s \u00e0 venir. Chaque page est soigneusement con\u00e7ue pour vous guider de mani\u00e8re simple et minimaliste, vous inspirer et vous propulser vers la r\u00e9alisation de vos objectifs.<\/p>\n<\/div>\n<\/div>\n<\/div>\n<\/div>\n<\/div>\n<\/section>\n<\/div>\n<\/div>\n<\/div>\n<\/section>\n<section class=\"elementor-section elementor-top-section elementor-element elementor-element-5f7a778 elementor-section-content-middle elementor-section-boxed elementor-section-height-default elementor-section-height-default\" data-id=\"5f7a778\" data-element_type=\"section\" data-settings=\"{&quot;background_background&quot;:&quot;classic&quot;}\"><\/section>\n","protected":false},"excerpt":{"rendered":"<h2><strong>Agenda Planner 2024 \u2013 Votre Assistant Num\u00e9rique Quotidien\u202f!<\/strong><\/h2>\n<p>D\u00e9couvrez un monde dans lequel la planification est synonyme d\u2019efficacit\u00e9 et d\u2019\u00e9l\u00e9gance. Notre Agenda Planner 2024 est con\u00e7u pour ceux qui aspirent \u00e0 une organisation sans faille.<\/p>\n<p>Compatible avec iPad, iPad Pro et toutes tablettes Android, cet outil de planification r\u00e9volutionnaire offre une fusion parfaite entre esth\u00e9tisme minimaliste et fonctionnalit\u00e9 maximale.<\/p>\n<p>Passez facilement d\u2019une page \u00e0 l\u2019autre gr\u00e2ce \u00e0 2 562 liens hypertextes, et b\u00e9n\u00e9ficiez d\u2019un guide d\u2019utilisation d\u00e9taill\u00e9.<\/p>\n<p>Lib\u00e9rez-vous du chaos quotidien : avec notre agenda num\u00e9rique, non seulement vous planifiez, mais vous r\u00e9alisez vos r\u00eaves.<\/p>\n<p>Commandez d\u00e8s maintenant cet agenda planner minimaliste et passez \u00e0 la planification num\u00e9rique pour un avenir mieux organis\u00e9\u202f et moins encombrant !<\/p>\n<p>\ud83c\udf81 Si vous achetez cet agenda planner, la version Dark sera comprise dans votre achat<\/p>\n","protected":false},"featured_media":1793,"comment_status":"open","ping_status":"closed","template":"","meta":[],"product_cat":[22],"product_tag":[23],"jetpack_sharing_enabled":true,"_links":{"self":[{"href":"https:\/\/themanifestplannerco.com\/index.php\/wp-json\/wp\/v2\/product\/233"}],"collection":[{"href":"https:\/\/themanifestplannerco.com\/index.php\/wp-json\/wp\/v2\/product"}],"about":[{"href":"https:\/\/themanifestplannerco.com\/index.php\/wp-json\/wp\/v2\/types\/product"}],"replies":[{"embeddable":true,"href":"https:\/\/themanifestplannerco.com\/index.php\/wp-json\/wp\/v2\/comments?post=233"}],"wp:featuredmedia":[{"embeddable":true,"href":"https:\/\/themanifestplannerco.com\/index.php\/wp-json\/wp\/v2\/media\/1793"}],"wp:attachment":[{"href":"https:\/\/themanifestplannerco.com\/index.php\/wp-json\/wp\/v2\/media?parent=233"}],"wp:term":[{"taxonomy":"product_cat","embeddable":true,"href":"https:\/\/themanifestplannerco.com\/index.php\/wp-json\/wp\/v2\/product_cat?post=233"},{"taxonomy":"product_tag","embeddable":true,"href":"https:\/\/themanifestplannerco.com\/index.php\/wp-json\/wp\/v2\/product_tag?post=233"}],"curies":[{"name":"wp","href":"https:\/\/api.w.org\/{rel}","templated":true}]}}